{"id":62,"date":"2025-08-04T20:04:52","date_gmt":"2025-08-04T20:04:52","guid":{"rendered":"https:\/\/lizgal.cl\/?page_id=62"},"modified":"2025-08-05T02:19:39","modified_gmt":"2025-08-05T02:19:39","slug":"centro-clinico-y-dental-lizgal","status":"publish","type":"page","link":"https:\/\/lizgal.cl\/","title":{"rendered":""},"content":{"rendered":"\t\t<div data-elementor-type=\"wp-page\" data-elementor-id=\"62\" class=\"elementor elementor-62\" data-elementor-post-type=\"page\">\n\t\t\t\t<div class=\"elementor-element elementor-element-889ff61 e-con-full e-flex e-con e-parent\" data-id=\"889ff61\" data-element_type=\"container\">\n\t\t\t\t<div class=\"elementor-element elementor-element-00fa9cd elementor-widget__width-initial elementor-widget-mobile__width-initial elementor-absolute elementor-widget elementor-widget-image\" data-id=\"00fa9cd\" data-element_type=\"widget\" data-settings=\"{&quot;_position&quot;:&quot;absolute&quot;}\" data-widget_type=\"image.default\">\n\t\t\t\t<div class=\"elementor-widget-container\">\n\t\t\t\t\t\t\t\t\t\t\t\t\t\t\t<img fetchpriority=\"high\" decoding=\"async\" width=\"300\" height=\"291\" src=\"https:\/\/lizgal.cl\/wp-content\/uploads\/2025\/05\/cropped-boseto-letrero-lizgal-300x291.png\" class=\"attachment-medium size-medium wp-image-11\" alt=\"\" srcset=\"https:\/\/lizgal.cl\/wp-content\/uploads\/2025\/05\/cropped-boseto-letrero-lizgal-300x291.png 300w, https:\/\/lizgal.cl\/wp-content\/uploads\/2025\/05\/cropped-boseto-letrero-lizgal-1024x994.png 1024w, https:\/\/lizgal.cl\/wp-content\/uploads\/2025\/05\/cropped-boseto-letrero-lizgal-768x746.png 768w, https:\/\/lizgal.cl\/wp-content\/uploads\/2025\/05\/cropped-boseto-letrero-lizgal-191x185.png 191w, https:\/\/lizgal.cl\/wp-content\/uploads\/2025\/05\/cropped-boseto-letrero-lizgal.png 1035w\" sizes=\"(max-width: 300px) 100vw, 300px\" \/>\t\t\t\t\t\t\t\t\t\t\t\t\t\t\t<\/div>\n\t\t\t\t<\/div>\n\t\t\t\t<div class=\"elementor-element elementor-element-3c7151d elementor-widget__width-inherit elementor-widget elementor-widget-image\" data-id=\"3c7151d\" data-element_type=\"widget\" data-widget_type=\"image.default\">\n\t\t\t\t<div class=\"elementor-widget-container\">\n\t\t\t\t\t\t\t\t\t\t\t\t\t\t\t<img decoding=\"async\" width=\"2560\" height=\"1920\" src=\"https:\/\/lizgal.cl\/wp-content\/uploads\/2025\/08\/CLINICA-scaled.jpg\" class=\"attachment-full size-full wp-image-128\" alt=\"\" srcset=\"https:\/\/lizgal.cl\/wp-content\/uploads\/2025\/08\/CLINICA-scaled.jpg 2560w, https:\/\/lizgal.cl\/wp-content\/uploads\/2025\/08\/CLINICA-300x225.jpg 300w, https:\/\/lizgal.cl\/wp-content\/uploads\/2025\/08\/CLINICA-1024x768.jpg 1024w, https:\/\/lizgal.cl\/wp-content\/uploads\/2025\/08\/CLINICA-768x576.jpg 768w, https:\/\/lizgal.cl\/wp-content\/uploads\/2025\/08\/CLINICA-1536x1152.jpg 1536w, https:\/\/lizgal.cl\/wp-content\/uploads\/2025\/08\/CLINICA-2048x1536.jpg 2048w\" sizes=\"(max-width: 2560px) 100vw, 2560px\" \/>\t\t\t\t\t\t\t\t\t\t\t\t\t\t\t<\/div>\n\t\t\t\t<\/div>\n\t\t\t\t<\/div>\n\t\t<div class=\"elementor-element elementor-element-f7ad1ec e-flex e-con-boxed e-con e-parent\" data-id=\"f7ad1ec\" data-element_type=\"container\">\n\t\t\t\t\t<div class=\"e-con-inner\">\n\t\t\t\t<div class=\"elementor-element elementor-element-87426bf elementor-widget elementor-widget-html\" data-id=\"87426bf\" data-element_type=\"widget\" data-widget_type=\"html.default\">\n\t\t\t\t<div class=\"elementor-widget-container\">\n\t\t\t\t\t<!-- Secci\u00f3n: Hero Bienvenida -->\r\n<section class=\"hero\" style=\"background-color: #000; color: #D4AF37; padding: 100px 20px; text-align: center;\">\r\n  <h1 style=\"font-size: 3em; font-weight: bold;\">Centro Cl\u00ednico y Dental LIZGAL<\/h1>\r\n  <p style=\"font-size: 1.5em;\">Tu salud, tu belleza, tu sonrisa.<\/p>\r\n    <a href=\"https:\/\/agendamiento.reservo.cl\/makereserva\/agenda\/c0AW5Lx0o0lMHG1H7t82YER5B4r8cN\" style=\"background-color: #D4AF37; color: #000; padding: 15px 30px; display: inline-block; margin-top: 20px; text-decoration: none; font-weight: bold; border-radius: 10px;\">\r\n    Reserva tu hora directamente en nuestra agenda digital\r\n  <\/a>\r\n  <\/br>\r\n    <a href=\"https:\/\/wa.me\/56956692334\" style=\"background-color: #D4AF37; color: #000; padding: 15px 30px; display: inline-block; margin-top: 20px; text-decoration: none; font-weight: bold; border-radius: 10px;\">\r\n    Reserva tu hora por WhatsApp\r\n  <\/a>\r\n<\/section>\t\t\t\t<\/div>\n\t\t\t\t<\/div>\n\t\t\t\t\t<\/div>\n\t\t\t\t<\/div>\n\t\t<div class=\"elementor-element elementor-element-d371728 e-flex e-con-boxed e-con e-parent\" data-id=\"d371728\" data-element_type=\"container\">\n\t\t\t\t\t<div class=\"e-con-inner\">\n\t\t\t\t<div class=\"elementor-element elementor-element-5ae8b9c elementor-widget elementor-widget-text-editor\" data-id=\"5ae8b9c\" data-element_type=\"widget\" data-widget_type=\"text-editor.default\">\n\t\t\t\t<div class=\"elementor-widget-container\">\n\t\t\t\t\t\t\t\t\t<section class=\"servicios\" style=\"background-color: #fff; padding: 80px 20px; text-align: center;\">\n<h2 style=\"color: #d4af37;\">Servicios Destacados<\/h2>\n<div style=\"display: flex; flex-wrap: wrap; justify-content: center; gap: 30px; margin-top: 40px;\">\n<div style=\"flex: 1 1 300px; max-width: 300px;\">\n<h3>Rinomodelaci\u00f3n<\/h3>\nRelleno con \u00e1cido hialur\u00f3nico para mejorar giba, punta y base nasal.\n\n<\/div>\n<div style=\"flex: 1 1 300px; max-width: 300px;\">\n<h3>Rino-Lips<\/h3>\nRelleno con \u00e1cido hialur\u00f3nico en nariz y labios para volumen e hidrataci\u00f3n.\n\n<\/div>\n<div style=\"flex: 1 1 300px; max-width: 300px;\">\n<h3>B\u00f3tox<\/h3>\nReduce arrugas y expresi\u00f3n facial. Ideal para el bruxismo.\n<\/div>\n<!--ScriptorStartFragment-->\n\n<div><h3 class=\"scriptor-paragraph\">\ud83e\uddb7 Odontolog\u00eda general<\/h3>\n<div class=\"scriptor-paragraph\">\ud83d\udc44 Ortodoncia<\/div>\n<div class=\"scriptor-paragraph\">\u2728 Est\u00e9tica facial<\/div>\n<div class=\"scriptor-paragraph\">\ud83e\udea5 Limpieza dental<\/div>\n<div class=\"scriptor-paragraph\">\ud83c\udf1f Blanqueamiento<\/div>\n<!--ScriptorEndFragment-->\n\n<\/div>\n<\/div>\n<\/section>\t\t\t\t\t\t\t\t<\/div>\n\t\t\t\t<\/div>\n\t\t\t\t<div class=\"elementor-element elementor-element-61e633c elementor-widget elementor-widget-text-editor\" data-id=\"61e633c\" data-element_type=\"widget\" data-widget_type=\"text-editor.default\">\n\t\t\t\t<div class=\"elementor-widget-container\">\n\t\t\t\t\t\t\t\t\t<!-- Secci\u00f3n: Antes y Despu\u00e9s -->\n<section class=\"antes-despues\" style=\"background-color: #f5f5f5; padding: 80px 20px; text-align: center;\">\n  <h2 style=\"color: #D4AF37;\">Antes y Despu\u00e9s<\/h2>\n  <p>Ejemplos reales de nuestros tratamientos (reemplaza estas im\u00e1genes en Elementor).<\/p>\n\n<\/section>\t\t\t\t\t\t\t\t<\/div>\n\t\t\t\t<\/div>\n\t\t\t\t\t<\/div>\n\t\t\t\t<\/div>\n\t\t<div class=\"elementor-element elementor-element-aea6ecb e-flex e-con-boxed e-con e-parent\" data-id=\"aea6ecb\" data-element_type=\"container\">\n\t\t\t\t\t<div class=\"e-con-inner\">\n\t\t\t\t<div class=\"elementor-element elementor-element-60b3ab9 elementor-arrows-position-inside elementor-pagination-position-outside elementor-widget elementor-widget-image-carousel\" data-id=\"60b3ab9\" data-element_type=\"widget\" data-settings=\"{&quot;navigation&quot;:&quot;both&quot;,&quot;autoplay&quot;:&quot;yes&quot;,&quot;pause_on_hover&quot;:&quot;yes&quot;,&quot;pause_on_interaction&quot;:&quot;yes&quot;,&quot;autoplay_speed&quot;:5000,&quot;infinite&quot;:&quot;yes&quot;,&quot;speed&quot;:500}\" data-widget_type=\"image-carousel.default\">\n\t\t\t\t<div class=\"elementor-widget-container\">\n\t\t\t\t\t\t\t<div class=\"elementor-image-carousel-wrapper swiper\" role=\"region\" aria-roledescription=\"carousel\" aria-label=\"Carrusel de im\u00e1genes\" dir=\"ltr\">\n\t\t\t<div class=\"elementor-image-carousel swiper-wrapper swiper-image-stretch\" aria-live=\"off\">\n\t\t\t\t\t\t\t\t<div class=\"swiper-slide\" role=\"group\" aria-roledescription=\"slide\" aria-label=\"1 de 3\"><figure class=\"swiper-slide-inner\"><img decoding=\"async\" class=\"swiper-slide-image\" src=\"https:\/\/lizgal.cl\/wp-content\/uploads\/2025\/08\/caso1.png\" alt=\"caso1\" \/><\/figure><\/div><div class=\"swiper-slide\" role=\"group\" aria-roledescription=\"slide\" aria-label=\"2 de 3\"><figure class=\"swiper-slide-inner\"><img decoding=\"async\" class=\"swiper-slide-image\" src=\"https:\/\/lizgal.cl\/wp-content\/uploads\/2025\/08\/caso2.png\" alt=\"caso2\" \/><\/figure><\/div><div class=\"swiper-slide\" role=\"group\" aria-roledescription=\"slide\" aria-label=\"3 de 3\"><figure class=\"swiper-slide-inner\"><img decoding=\"async\" class=\"swiper-slide-image\" src=\"https:\/\/lizgal.cl\/wp-content\/uploads\/2025\/08\/caso3.png\" alt=\"caso3\" \/><\/figure><\/div>\t\t\t<\/div>\n\t\t\t\t\t\t\t\t\t\t\t\t<div class=\"elementor-swiper-button elementor-swiper-button-prev\" role=\"button\" tabindex=\"0\">\n\t\t\t\t\t\t<svg aria-hidden=\"true\" class=\"e-font-icon-svg e-eicon-chevron-left\" viewBox=\"0 0 1000 1000\" xmlns=\"http:\/\/www.w3.org\/2000\/svg\"><path d=\"M646 125C629 125 613 133 604 142L308 442C296 454 292 471 292 487 292 504 296 521 308 533L604 854C617 867 629 875 646 875 663 875 679 871 692 858 704 846 713 829 713 812 713 796 708 779 692 767L438 487 692 225C700 217 708 204 708 187 708 171 704 154 692 142 675 129 663 125 646 125Z\"><\/path><\/svg>\t\t\t\t\t<\/div>\n\t\t\t\t\t<div class=\"elementor-swiper-button elementor-swiper-button-next\" role=\"button\" tabindex=\"0\">\n\t\t\t\t\t\t<svg aria-hidden=\"true\" class=\"e-font-icon-svg e-eicon-chevron-right\" viewBox=\"0 0 1000 1000\" xmlns=\"http:\/\/www.w3.org\/2000\/svg\"><path d=\"M696 533C708 521 713 504 713 487 713 471 708 454 696 446L400 146C388 133 375 125 354 125 338 125 325 129 313 142 300 154 292 171 292 187 292 204 296 221 308 233L563 492 304 771C292 783 288 800 288 817 288 833 296 850 308 863 321 871 338 875 354 875 371 875 388 867 400 854L696 533Z\"><\/path><\/svg>\t\t\t\t\t<\/div>\n\t\t\t\t\n\t\t\t\t\t\t\t\t\t<div class=\"swiper-pagination\"><\/div>\n\t\t\t\t\t\t\t\t\t<\/div>\n\t\t\t\t\t\t<\/div>\n\t\t\t\t<\/div>\n\t\t\t\t<div class=\"elementor-element elementor-element-576c6c9 elementor-widget elementor-widget-text-editor\" data-id=\"576c6c9\" data-element_type=\"widget\" data-widget_type=\"text-editor.default\">\n\t\t\t\t<div class=\"elementor-widget-container\">\n\t\t\t\t\t\t\t\t\t<section class=\"nosotros\" style=\"background-color: #fff; padding: 80px 20px; text-align: center;\"><h2 style=\"color: #d4af37;\">Sobre Nosotros<\/h2><p style=\"max-width: 700px; margin: auto;\">En <strong>Centro Cl\u00ednico y Dental LizGal<\/strong>, combinamos salud, est\u00e9tica y tecnolog\u00eda para entregar sonrisas m\u00e1s seguras y rostros rejuvenecidos.<br \/>Nuestra Dra. Carolina Lizcano, especialista en odontolog\u00eda y medicina est\u00e9tica, lidera cada tratamiento con dedicaci\u00f3n y profesionalismo.<\/p><\/section>\t\t\t\t\t\t\t\t<\/div>\n\t\t\t\t<\/div>\n\t\t\t\t<div class=\"elementor-element elementor-element-cbecefe elementor-widget elementor-widget-text-editor\" data-id=\"cbecefe\" data-element_type=\"widget\" data-widget_type=\"text-editor.default\">\n\t\t\t\t<div class=\"elementor-widget-container\">\n\t\t\t\t\t\t\t\t\t<section class=\"contacto\" style=\"background-color: #000000; padding: 80px 20px; text-align: center;\">\n<h2 style=\"color: #d4af37;\">Cont\u00e1ctanos<\/h2>\n<p style=\"color: #ffffff;\"><strong>WhatsApp:<\/strong> <a style=\"color: #d4af37;\" href=\"https:\/\/wa.me\/56956692334\">+56 9 5669 2334<\/a><\/p>\n<p style=\"color: #ffffff;\"><strong>Ubicaci\u00f3n:<\/strong> Sta. Teresa 103,\u00a0 Los Andes, Valpara\u00edso.<\/p>\n\n<div style=\"color: #ffffff; margin-top: 20px;\"><img decoding=\"async\" class=\"emoji\" role=\"img\" draggable=\"false\" src=\"https:\/\/s.w.org\/images\/core\/emoji\/16.0.1\/svg\/1f4cd.svg\" alt=\"\ud83d\udccd\" \/><a href=\"https:\/\/maps.app.goo.gl\/kkb23Asys4QeanXE7\">Como llegar \ud83d\udc40<\/a><\/div>\n<div style=\"margin-top: 20px;\"><\/div>\n\n<div style=\"color: #ffffff; margin-top: 30px;\"><img decoding=\"async\" class=\"emoji\" role=\"img\" draggable=\"false\" src=\"https:\/\/lizgal.cl\/wp-content\/uploads\/2025\/08\/icons8-instagram-100.svg\" alt=\"\ud83d\udccd\" \/><a href=\"https:\/\/www.instagram.com\/clinicalizgal\">S\u00edguenos en Instagram<\/a><\/div>\n<div style=\"margin-top: 30px;\"><\/div>\n\n<\/section>\t\t\t\t\t\t\t\t<\/div>\n\t\t\t\t<\/div>\n\t\t\t\t\t<\/div>\n\t\t\t\t<\/div>\n\t\t\t\t<\/div>\n\t\t","protected":false},"excerpt":{"rendered":"<p>Centro Cl\u00ednico y Dental LIZGAL Tu salud, tu belleza, tu sonrisa. Reserva tu hora directamente en nuestra agenda digital Reserva tu hora por WhatsApp Servicios Destacados Rinomodelaci\u00f3n Relleno con \u00e1cido hialur\u00f3nico para mejorar giba, punta y base nasal. Rino-Lips Relleno con \u00e1cido hialur\u00f3nico en nariz y labios para volumen e hidrataci\u00f3n. B\u00f3tox Reduce arrugas y [&hellip;]<\/p>\n","protected":false},"author":1,"featured_media":0,"parent":0,"menu_order":0,"comment_status":"closed","ping_status":"closed","template":"","meta":{"pagelayer_contact_templates":[],"_pagelayer_content":"","footnotes":""},"class_list":["post-62","page","type-page","status-publish","hentry"],"_links":{"self":[{"href":"https:\/\/lizgal.cl\/index.php?rest_route=\/wp\/v2\/pages\/62","targetHints":{"allow":["GET"]}}],"collection":[{"href":"https:\/\/lizgal.cl\/index.php?rest_route=\/wp\/v2\/pages"}],"about":[{"href":"https:\/\/lizgal.cl\/index.php?rest_route=\/wp\/v2\/types\/page"}],"author":[{"embeddable":true,"href":"https:\/\/lizgal.cl\/index.php?rest_route=\/wp\/v2\/users\/1"}],"replies":[{"embeddable":true,"href":"https:\/\/lizgal.cl\/index.php?rest_route=%2Fwp%2Fv2%2Fcomments&post=62"}],"version-history":[{"count":122,"href":"https:\/\/lizgal.cl\/index.php?rest_route=\/wp\/v2\/pages\/62\/revisions"}],"predecessor-version":[{"id":213,"href":"https:\/\/lizgal.cl\/index.php?rest_route=\/wp\/v2\/pages\/62\/revisions\/213"}],"wp:attachment":[{"href":"https:\/\/lizgal.cl\/index.php?rest_route=%2Fwp%2Fv2%2Fmedia&parent=62"}],"curies":[{"name":"wp","href":"https:\/\/api.w.org\/{rel}","templated":true}]}}